{"id":2436,"date":"2021-06-17T13:03:29","date_gmt":"2021-06-17T10:03:29","guid":{"rendered":"https:\/\/cbcpilgrim.ekarpaty.com\/?page_id=2436"},"modified":"2022-09-08T14:21:28","modified_gmt":"2022-09-08T11:21:28","slug":"golovna","status":"publish","type":"page","link":"https:\/\/cbcpilgrim.ekarpaty.com\/pl\/","title":{"rendered":"Dom"},"content":{"rendered":"<p><div class=\"fusion-fullwidth fullwidth-box fusion-builder-row-2 fusion-flex-container nonhundred-percent-fullwidth non-hundred-percent-height-scrolling\" style=\"background-color: rgba(255,255,255,0);background-position: center center;background-repeat: no-repeat;border-width: 0px 0px 0px 0px;border-color:#e2e2e2;border-style:solid;\" ><div class=\"fusion-builder-row fusion-row fusion-flex-align-items-flex-start\" style=\"max-width:1123.2px;margin-left: calc(-4% \/ 2 );margin-right: calc(-4% \/ 2 );\"><div class=\"fusion-layout-column fusion_builder_column fusion-builder-column-1 fusion_builder_column_1_1 1_1 fusion-flex-column\"><div class=\"fusion-column-wrapper fusion-flex-justify-content-flex-start fusion-content-layout-column\" style=\"background-position:left top;background-repeat:no-repeat;-webkit-background-size:cover;-moz-background-size:cover;-o-background-size:cover;background-size:cover;padding: 0px 0px 0px 0px;\">\n<div class=\"fusion-slider-revolution rev_slider_wrapper\">\t\t\t<!-- START Slider pl REVOLUTION SLIDER 6.1.5 --><p class=\"rs-p-wp-fix\"><\/p>\n\t\t\t<rs-module-wrap id=\"rev_slider_9_2_wrapper\" data-source=\"gallery\" style=\"background:transparent;padding:0;margin:0px auto;margin-top:0;margin-bottom:0;\">\n\t\t\t\t<rs-module id=\"rev_slider_9_2\" style=\"display:none;\" data-version=\"6.1.5\">\n\t\t\t\t\t<rs-slides>\n\t\t\t\t\t\t<rs-slide data-key=\"rs-15\" data-title=\"\u041a\u0440\u0435\u0445\u0456\u0432\u0441\u044c\u043a\u0438\u0439 \u043c\u043e\u043d\u0430\u0441\u0442\u0438\u0440\" data-anim=\"ei:d;eo:d;s:1000;r:0;t:fade;sl:0;\">\n\t\t\t\t\t\t\t<img decoding=\"async\" src=\"\/\/cbcpilgrim.ekarpaty.com\/wp-content\/uploads\/2021\/06\/mg_4094-krehivskyj-monastyr-scaled.jpg\" title=\"_MG_4094-\u041a\u0440\u0435\u0445\u0456\u0432\u0441\u044c\u043a\u0438\u0439 \u043c\u043e\u043d\u0430\u0441\u0442\u0438\u0440\" width=\"2560\" height=\"1014\" class=\"rev-slidebg\" data-no-retina>\n<!--\n\t\t\t\t\t\t\t--><rs-layer\n\t\t\t\t\t\t\t\tid=\"slider-9-slide-15-layer-0\" \n\t\t\t\t\t\t\t\tdata-type=\"text\"\n\t\t\t\t\t\t\t\tdata-color=\"#fff\"\n\t\t\t\t\t\t\t\tdata-tsh=\"c:rgba(0,0,0,0.75);h:7px;v:7px;b:10px;\"\n\t\t\t\t\t\t\t\tdata-rsp_ch=\"on\"\n\t\t\t\t\t\t\t\tdata-xy=\"x:c;y:c;\"\n\t\t\t\t\t\t\t\tdata-text=\"w:normal;s:110;l:123;ls:3;a:center;\"\n\t\t\t\t\t\t\t\tdata-frame_999=\"o:0;st:w;\"\n\t\t\t\t\t\t\t\tstyle=\"z-index:5;font-family:Philosopher;\"\n\t\t\t\t\t\t\t>Monaster<br \/>\nKrechowski \n\t\t\t\t\t\t\t<\/rs-layer><!--\n\n\t\t\t\t\t\t\t--><a\n\t\t\t\t\t\t\t\tid=\"slider-9-slide-15-layer-2\" \n\t\t\t\t\t\t\t\tclass=\"rs-layer rev-btn rev-hiddenicon\"\n\t\t\t\t\t\t\t\thref=\"https:\/\/cbcpilgrim.ekarpaty.com\/pl\/krehivskyj-monastyr\/\" target=\"_self\" rel=\"nofollow\"\n\t\t\t\t\t\t\t\tdata-type=\"button\"\n\t\t\t\t\t\t\t\tdata-color=\"#ffffff\"\n\t\t\t\t\t\t\t\tdata-rsp_ch=\"on\"\n\t\t\t\t\t\t\t\tdata-xy=\"x:c;y:500px;\"\n\t\t\t\t\t\t\t\tdata-text=\"w:normal;s:17;l:20;ls:1;\"\n\t\t\t\t\t\t\t\tdata-dim=\"minh:0px;\"\n\t\t\t\t\t\t\t\tdata-padding=\"t:20;r:35;b:20;l:35;\"\n\t\t\t\t\t\t\t\tdata-border=\"bor:30px,30px,30px,30px;\"\n\t\t\t\t\t\t\t\tdata-frame_999=\"o:0;st:w;\"\n\t\t\t\t\t\t\t\tdata-frame_hover=\"c:#000;bgc:#fff;bor:30px,30px,30px,30px;sp:200;\"\n\t\t\t\t\t\t\t\tstyle=\"z-index:6;background-color:rgba(117,99,81,0.95);font-family:Roboto;text-transform:uppercase;\"\n\t\t\t\t\t\t\t>Czytaj wi\u0119cej <i class=\"fa-chevron-right\"><\/i> \n\t\t\t\t\t\t\t<\/a><!--\n-->\t\t\t\t\t\t<\/rs-slide>\n\t\t\t\t\t\t<rs-slide data-key=\"rs-16\" data-title=\"\u0421\u0432\u044f\u0442\u043e-\u0423\u0441\u043f\u0435\u043d\u0441\u044c\u043a\u0430 \u0423\u043d\u0456\u0432\u0441\u044c\u043a\u0430 \u043b\u0430\u0432\u0440\u0430\" data-anim=\"ei:d;eo:d;s:1000;r:0;t:fade;sl:0;\">\n\t\t\t\t\t\t\t<img decoding=\"async\" src=\"\/\/cbcpilgrim.ekarpaty.com\/wp-content\/uploads\/2021\/06\/mg_3633-univska-lavra-scaled.jpg\" title=\"_MG_3633-\u0423\u043d\u0456\u0432\u0441\u044c\u043a\u0430 \u043b\u0430\u0432\u0440\u0430\" width=\"2560\" height=\"1087\" class=\"rev-slidebg\" data-no-retina>\n<!--\n\t\t\t\t\t\t\t--><rs-layer\n\t\t\t\t\t\t\t\tid=\"slider-9-slide-16-layer-0\" \n\t\t\t\t\t\t\t\tdata-type=\"text\"\n\t\t\t\t\t\t\t\tdata-color=\"#fff\"\n\t\t\t\t\t\t\t\tdata-tsh=\"c:rgba(0,0,0,0.75);h:7px;v:7px;b:10px;\"\n\t\t\t\t\t\t\t\tdata-rsp_ch=\"on\"\n\t\t\t\t\t\t\t\tdata-xy=\"x:c;xo:-7px;y:c;yo:-49px;\"\n\t\t\t\t\t\t\t\tdata-text=\"w:normal;s:110;l:123;ls:3;a:center;\"\n\t\t\t\t\t\t\t\tdata-frame_999=\"o:0;st:w;\"\n\t\t\t\t\t\t\t\tstyle=\"z-index:5;font-family:Philosopher;\"\n\t\t\t\t\t\t\t>\u0141awra Uniowska Klasztor Za\u015bni\u0119cia Naj\u015bwi\u0119tszej Maryi Panny  \n\t\t\t\t\t\t\t<\/rs-layer><!--\n\n\t\t\t\t\t\t\t--><a\n\t\t\t\t\t\t\t\tid=\"slider-9-slide-16-layer-2\" \n\t\t\t\t\t\t\t\tclass=\"rs-layer rev-btn rev-hiddenicon\"\n\t\t\t\t\t\t\t\thref=\"https:\/\/cbcpilgrim.ekarpaty.com\/pl\/svyato-uspenska-univska-lavra\/\" target=\"_self\" rel=\"nofollow\"\n\t\t\t\t\t\t\t\tdata-type=\"button\"\n\t\t\t\t\t\t\t\tdata-color=\"#ffffff\"\n\t\t\t\t\t\t\t\tdata-rsp_ch=\"on\"\n\t\t\t\t\t\t\t\tdata-xy=\"x:c;y:500px;\"\n\t\t\t\t\t\t\t\tdata-text=\"w:normal;s:17;l:20;ls:1;\"\n\t\t\t\t\t\t\t\tdata-dim=\"minh:0px;\"\n\t\t\t\t\t\t\t\tdata-padding=\"t:20;r:35;b:20;l:35;\"\n\t\t\t\t\t\t\t\tdata-border=\"bor:30px,30px,30px,30px;\"\n\t\t\t\t\t\t\t\tdata-frame_999=\"o:0;st:w;\"\n\t\t\t\t\t\t\t\tdata-frame_hover=\"c:#000;bgc:#fff;bor:30px,30px,30px,30px;sp:200;\"\n\t\t\t\t\t\t\t\tstyle=\"z-index:6;background-color:rgba(117,99,81,0.95);font-family:Roboto;text-transform:uppercase;\"\n\t\t\t\t\t\t\t>Czytaj wi\u0119cej<i class=\"fa-chevron-right\"><\/i> \n\t\t\t\t\t\t\t<\/a><!--\n-->\t\t\t\t\t\t<\/rs-slide>\n\t\t\t\t\t\t<rs-slide data-key=\"rs-17\" data-title=\"\u041f\u043e\u0447\u0430\u0457\u0432\u0441\u044c\u043a\u0430 \u043b\u0430\u0432\u0440\u0430\" data-anim=\"ei:d;eo:d;s:1000;r:0;t:fade;sl:0;\">\n\t\t\t\t\t\t\t<img decoding=\"async\" src=\"\/\/cbcpilgrim.ekarpaty.com\/wp-content\/uploads\/2021\/06\/pochayivska_lavra.jpg\" title=\"\u041f\u043e\u0447\u0430\u0457\u0432\u0441\u044c\u043a\u0430_\u041b\u0430\u0432\u0440\u0430\" width=\"1894\" height=\"1000\" class=\"rev-slidebg\" data-no-retina>\n<!--\n\t\t\t\t\t\t\t--><rs-layer\n\t\t\t\t\t\t\t\tid=\"slider-9-slide-17-layer-0\" \n\t\t\t\t\t\t\t\tdata-type=\"text\"\n\t\t\t\t\t\t\t\tdata-color=\"#fff\"\n\t\t\t\t\t\t\t\tdata-tsh=\"c:rgba(0,0,0,0.75);h:7px;v:7px;b:10px;\"\n\t\t\t\t\t\t\t\tdata-rsp_ch=\"on\"\n\t\t\t\t\t\t\t\tdata-xy=\"x:c;y:c;\"\n\t\t\t\t\t\t\t\tdata-text=\"w:normal;s:110;l:123;ls:3;a:center;\"\n\t\t\t\t\t\t\t\tdata-frame_999=\"o:0;st:w;\"\n\t\t\t\t\t\t\t\tstyle=\"z-index:5;font-family:Philosopher;\"\n\t\t\t\t\t\t\t>\u0141awra Poczajowska \n\t\t\t\t\t\t\t<\/rs-layer><!--\n\n\t\t\t\t\t\t\t--><a\n\t\t\t\t\t\t\t\tid=\"slider-9-slide-17-layer-2\" \n\t\t\t\t\t\t\t\tclass=\"rs-layer rev-btn rev-hiddenicon\"\n\t\t\t\t\t\t\t\thref=\"https:\/\/cbcpilgrim.ekarpaty.com\/pl\/pochayivska-lavra\/\" target=\"_self\" rel=\"nofollow\"\n\t\t\t\t\t\t\t\tdata-type=\"button\"\n\t\t\t\t\t\t\t\tdata-color=\"#ffffff\"\n\t\t\t\t\t\t\t\tdata-rsp_ch=\"on\"\n\t\t\t\t\t\t\t\tdata-xy=\"x:c;y:500px;\"\n\t\t\t\t\t\t\t\tdata-text=\"w:normal;s:17;l:20;ls:1;\"\n\t\t\t\t\t\t\t\tdata-dim=\"minh:0px;\"\n\t\t\t\t\t\t\t\tdata-padding=\"t:20;r:35;b:20;l:35;\"\n\t\t\t\t\t\t\t\tdata-border=\"bor:30px,30px,30px,30px;\"\n\t\t\t\t\t\t\t\tdata-frame_999=\"o:0;st:w;\"\n\t\t\t\t\t\t\t\tdata-frame_hover=\"c:#000;bgc:#fff;bor:30px,30px,30px,30px;sp:200;\"\n\t\t\t\t\t\t\t\tstyle=\"z-index:6;background-color:rgba(117,99,81,0.95);font-family:Roboto;text-transform:uppercase;\"\n\t\t\t\t\t\t\t>Czytaj wi\u0119cej <i class=\"fa-chevron-right\"><\/i> \n\t\t\t\t\t\t\t<\/a><!--\n-->\t\t\t\t\t\t<\/rs-slide>\n\t\t\t\t\t<\/rs-slides>\n\t\t\t\t\t<rs-progress class=\"rs-bottom\" style=\"visibility: hidden !important;\"><\/rs-progress>\n\t\t\t\t<\/rs-module>\n\t\t\t\t<script type=\"text\/javascript\">\n\t\t\t\t\tsetREVStartSize({c: 'rev_slider_9_2',rl:[1240,1024,778,480],el:[600],gw:[1240],gh:[600],layout:'fullwidth',mh:\"600px\"});\n\t\t\t\t\tvar\trevapi9,\n\t\t\t\t\t\ttpj;\n\t\t\t\t\tjQuery(function() {\n\t\t\t\t\t\ttpj = jQuery;\n\t\t\t\t\t\tif(tpj(\"#rev_slider_9_2\").revolution == undefined){\n\t\t\t\t\t\t\trevslider_showDoubleJqueryError(\"#rev_slider_9_2\");\n\t\t\t\t\t\t}else{\n\t\t\t\t\t\t\trevapi9 = tpj(\"#rev_slider_9_2\").show().revolution({\n\t\t\t\t\t\t\t\tjsFileLocation:\"\/\/cbcpilgrim.ekarpaty.com\/wp-content\/plugins\/revslider\/public\/assets\/js\/\",\n\t\t\t\t\t\t\t\tvisibilityLevels:\"1240,1024,778,480\",\n\t\t\t\t\t\t\t\tgridwidth:1240,\n\t\t\t\t\t\t\t\tgridheight:600,\n\t\t\t\t\t\t\t\tminHeight:\"600px\",\n\t\t\t\t\t\t\t\tspinner:\"spinner2\",\n\t\t\t\t\t\t\t\teditorheight:\"600,768,960,720\",\n\t\t\t\t\t\t\t\tresponsiveLevels:\"1240,1024,778,480\",\n\t\t\t\t\t\t\t\tdisableProgressBar:\"on\",\n\t\t\t\t\t\t\t\tnavigation: {\n\t\t\t\t\t\t\t\t\tonHoverStop:false\n\t\t\t\t\t\t\t\t},\n\t\t\t\t\t\t\t\tfallbacks: {\n\t\t\t\t\t\t\t\t\tallowHTML5AutoPlayOnAndroid:true\n\t\t\t\t\t\t\t\t},\n\t\t\t\t\t\t\t});\n\t\t\t\t\t\t}\n\t\t\t\t\t\t\n\t\t\t\t\t});\n\t\t\t\t<\/script>\n\t\t\t\t<script>\n\t\t\t\t\tvar htmlDivCss = ' #rev_slider_9_2_wrapper rs-loader.spinner2{ background-color: #ffffff !important; } '\n\t\t\t\t\tvar htmlDiv = document.getElementById('rs-plugin-settings-inline-css');\n\t\t\t\t\tif(htmlDiv) {\n\t\t\t\t\t\thtmlDiv.innerHTML = htmlDiv.innerHTML + htmlDivCss;\n\t\t\t\t\t}else{\n\t\t\t\t\t\tvar htmlDiv = document.createElement('div');\n\t\t\t\t\t\thtmlDiv.innerHTML = '<style>' + htmlDivCss + '<\/style>';\n\t\t\t\t\t\tdocument.getElementsByTagName('head')[0].appendChild(htmlDiv.childNodes[0]);\n\t\t\t\t\t}\n\t\t\t\t<\/script>\n\t\t\t<\/rs-module-wrap>\n\t\t\t<!-- END REVOLUTION SLIDER -->\n<\/div><style type=\"text\/css\">@media only screen and (max-width:1024px) {.fusion-title.fusion-title-2{margin-top:10px!important;margin-bottom:15px!important;}}@media only screen and (max-width:640px) {.fusion-title.fusion-title-2{margin-top:10px!important;margin-bottom:10px!important;}}<\/style><div class=\"fusion-title title fusion-title-2 fusion-title-text fusion-title-size-one\" style=\"margin-top:10px;margin-bottom:15px;\"><div class=\"title-sep-container title-sep-container-left fusion-no-large-visibility fusion-no-medium-visibility fusion-no-small-visibility\"><div class=\"title-sep sep-double sep-solid\" style=\"border-color:#e2e2e2;\"><\/div><\/div><h1 class=\"title-heading-left\" style=\"margin:0;\"><p class=\"title-heading-center\" style=\"text-align: center;\">Witamy na stronie projektu\u00a0\u201eTransgraniczny szlak pielgrzymkowy jako narz\u0119dzie promocji wsp\u00f3lnego dziedzictwa kulturowego i historycznego na pograniczu polsko-ukrai\u0144skim\u201d<\/p><\/h1><div class=\"title-sep-container title-sep-container-right\"><div class=\"title-sep sep-double sep-solid\" style=\"border-color:#e2e2e2;\"><\/div><\/div><\/div><div class=\"fusion-text fusion-text-1\" style=\"transform:translate3d(0,0,0);\"><p><span style=\"font-weight: 400;\"><strong>Transgraniczny szlak pielgrzymkowy jako narz\u0119dzie promocji wsp\u00f3lnego dziedzictwa kulturowego i historycznego na pograniczu polsko-ukrai\u0144skim<\/strong> jest realizowany przy wsparciu finansowym Unii Europejskiej w ramach Programu Wsp\u00f3\u0142pracy Transgranicznej Polska \u2013 Bia\u0142oru\u015b \u2013 Ukraina 2014-2020.<\/span><\/p>\n<h3>Czas trwania projektu:<\/h3>\n<p>03.05.2018 &#8211; 31.05.2022<\/p>\n<h3>Projekt realizuj\u0105 wsp\u00f3lnie:<\/h3>\n<ul>\n<li><span style=\"font-weight: 400;\">Stowarzyszenie Samorz\u0105d\u00f3w Lokalnych \u201eEuroregion Karpaty \u2013 Ukraina\u201d (Obw\u00f3d lwowski, Ukraina)<\/span><\/li>\n<li><span style=\"font-weight: 400;\">Departament Architektury i Planowania Urbanistycznego Lwowskiej Obwodowej Administracji Pa\u0144stwowej (Obw\u00f3d lwowski, Ukraina)<\/span><\/li>\n<li><span style=\"font-weight: 400;\">Parafia Rzymskokatolicka p.w. \u015bw. Jadwigi w Mokobodach (Wojew\u00f3dztwo mazowieckie, Polska)<\/span><\/li>\n<li><span style=\"font-weight: 400;\">Parafia Rzymskokatolicka p.w. Narodzenia Naj\u015bwi\u0119tszej Maryi Panny w Ho\u0142ubli (Wojew\u00f3dztwo mazowieckie, Polska)<\/span><\/li>\n<\/ul>\n<h3>Bud\u017cet projektu:<\/h3>\n<p>2 101 106,76 euro, w tym dofinansowanie z UE: 1 890 996,08 euro<\/p>\n<h3>Opis projektu:<\/h3>\n<p>Religia chrze\u015bcija\u0144ska od wiek\u00f3w obecna jest na ziemiach polskich i ukrai\u0144skich, pozostawiaj\u0105c wiele miejsc kultu. Obecnie wiele z tych miejsc, szczeg\u00f3lnie na Ukrainie, jest w bardzo z\u0142ym stanie. W czasach Zwi\u0105zku Radzieckiego by\u0142y one niew\u0142a\u015bciwie wykorzystywane (np. jako magazyny), co doprowadzi\u0142o do ich powa\u017cnego zniszczenia. Jednym z przyk\u0142ad\u00f3w jest klasztor w Podkamieniu, ufundowany przez polskiego kr\u00f3la Jana III Sobieskiego, obecnie po\u0142o\u017cony w obwodzie lwowskim. W XVIII wieku obiekt by\u0142 jednym z czterech s\u0142ynnych o\u015brodk\u00f3w pielgrzymkowych w Europie (obok Cz\u0119stochowy, Fatimy i Lourdes). Dzi\u015b ten zabytek sakralny wymaga gruntownej renowacji. Odnowienia wymagaj\u0105 r\u00f3wnie\u017c: ko\u015bci\u00f3\u0142 rzymskokatolicki pw. \u015bw. Jadwigi w Mokobodach i ko\u015bci\u00f3\u0142 rzymskokatolicki pw. Narodzenia NMP w Ho\u0142ubli po drugiej stronie granicy.<\/p>\n<p>Projekt CBCPilgrim jest odpowiedzi\u0105 na te potrzeby, zapewniaj\u0105c kompleksow\u0105 renowacj\u0119 klasztoru w Podkamieniu (w tym dzwonnicy) oraz polskich ko\u015bcio\u0142\u00f3w w Mokobodach i Ho\u0142ubli. Partnerzy zorganizuj\u0105 r\u00f3wnie\u017c sze\u015b\u0107 koncert\u00f3w muzyki sakralnej, od\u015bwie\u017c\u0105 trzy historyczne strony internetowe, opublikuj\u0105 filmy promocyjne oraz album \u201eKo\u015bcio\u0142y i miejsca pielgrzymek na pograniczu ukrai\u0144sko-polskim\u201d. Najciekawszym punktem projektu jest jednak wirtualna \u201eTransgraniczna trasa pielgrzymkowa\u201d. Na szlaku zaprezentowane zostan\u0105 najwa\u017cniejsze obiekty w regionie zobrazowane pi\u0119knymi fotografiami. Nowa strona internetowa i aplikacja mobilna (w j\u0119zyku angielskim, polskim i ukrai\u0144skim) stworz\u0105 niezwyk\u0142\u0105 mo\u017cliwo\u015b\u0107 \u201ee-spaceru\u201d po zabytkach i dowiedzenia si\u0119 o nich czego\u015b nowego.<\/p>\n<p>Dzi\u0119ki projektowi CBCPilgrim zabytki sakralne na pograniczu polsko-ukrai\u0144skim zyskaj\u0105 nowe \u017cycie i oblicze, b\u0119d\u0105 bardziej rozpoznawalne dla mieszka\u0144c\u00f3w i turyst\u00f3w nie tylko z Ukrainy i Polski, ale tak\u017ce z innych kraj\u00f3w europejskich.<\/p>\n<\/div><\/div><\/div><style type=\"text\/css\">.fusion-body .fusion-builder-column-1{width:100% !important;margin-top : 0px;margin-bottom : 20px;}.fusion-builder-column-1 > .fusion-column-wrapper {padding-top : 0px !important;padding-right : 0px !important;margin-right : 1.92%;padding-bottom : 0px !important;padding-left : 0px !important;margin-left : 1.92%;}@media only screen and (max-width:1024px) {.fusion-body .fusion-builder-column-1{width:100% !important;order : 0;}.fusion-builder-column-1 > .fusion-column-wrapper {margin-right : 1.92%;margin-left : 1.92%;}}@media only screen and (max-width:640px) {.fusion-body .fusion-builder-column-1{width:100% !important;order : 0;}.fusion-builder-column-1 > .fusion-column-wrapper {margin-right : 1.92%;margin-left : 1.92%;}}<\/style><\/div><style type=\"text\/css\">.fusion-body .fusion-flex-container.fusion-builder-row-2{ padding-top : 0px;margin-top : 0px;padding-right : 0px;padding-bottom : 0px;margin-bottom : 0px;padding-left : 0px;}<\/style><\/div><div class=\"fusion-fullwidth fullwidth-box fusion-builder-row-3 fusion-flex-container nonhundred-percent-fullwidth non-hundred-percent-height-scrolling\" style=\"background-color: rgba(255,255,255,0);background-position: center center;background-repeat: no-repeat;border-width: 0px 0px 0px 0px;border-color:#e2e2e2;border-style:solid;\" ><div class=\"fusion-builder-row fusion-row fusion-flex-align-items-flex-start\" style=\"max-width:1123.2px;margin-left: calc(-4% \/ 2 );margin-right: calc(-4% \/ 2 );\"><div class=\"fusion-layout-column fusion_builder_column fusion-builder-column-2 fusion_builder_column_1_1 1_1 fusion-flex-column\"><div class=\"fusion-column-wrapper fusion-flex-justify-content-flex-start fusion-content-layout-column\" style=\"background-position:left top;background-repeat:no-repeat;-webkit-background-size:cover;-moz-background-size:cover;-o-background-size:cover;background-size:cover;padding: 0px 0px 0px 0px;\"><\/div><\/div><style type=\"text\/css\">.fusion-body .fusion-builder-column-2{width:100% !important;margin-top : 0px;margin-bottom : 20px;}.fusion-builder-column-2 > .fusion-column-wrapper {padding-top : 0px !important;padding-right : 0px !important;margin-right : 1.92%;padding-bottom : 0px !important;padding-left : 0px !important;margin-left : 1.92%;}@media only screen and (max-width:1024px) {.fusion-body .fusion-builder-column-2{width:100% !important;order : 0;}.fusion-builder-column-2 > .fusion-column-wrapper {margin-right : 1.92%;margin-left : 1.92%;}}@media only screen and (max-width:640px) {.fusion-body .fusion-builder-column-2{width:100% !important;order : 0;}.fusion-builder-column-2 > .fusion-column-wrapper {margin-right : 1.92%;margin-left : 1.92%;}}<\/style><\/div><style type=\"text\/css\">.fusion-body .fusion-flex-container.fusion-builder-row-3{ padding-top : 0px;margin-top : 0px;padding-right : 0px;padding-bottom : 0px;margin-bottom : 0px;padding-left : 0px;}<\/style><\/div><\/p>","protected":false},"excerpt":{"rendered":"","protected":false},"author":2,"featured_media":2169,"parent":0,"menu_order":0,"comment_status":"closed","ping_status":"closed","template":"","meta":{"footnotes":""},"class_list":["post-2436","page","type-page","status-publish","has-post-thumbnail","hentry"],"_links":{"self":[{"href":"https:\/\/cbcpilgrim.ekarpaty.com\/pl\/wp-json\/wp\/v2\/pages\/2436","targetHints":{"allow":["GET"]}}],"collection":[{"href":"https:\/\/cbcpilgrim.ekarpaty.com\/pl\/wp-json\/wp\/v2\/pages"}],"about":[{"href":"https:\/\/cbcpilgrim.ekarpaty.com\/pl\/wp-json\/wp\/v2\/types\/page"}],"author":[{"embeddable":true,"href":"https:\/\/cbcpilgrim.ekarpaty.com\/pl\/wp-json\/wp\/v2\/users\/2"}],"replies":[{"embeddable":true,"href":"https:\/\/cbcpilgrim.ekarpaty.com\/pl\/wp-json\/wp\/v2\/comments?post=2436"}],"version-history":[{"count":17,"href":"https:\/\/cbcpilgrim.ekarpaty.com\/pl\/wp-json\/wp\/v2\/pages\/2436\/revisions"}],"predecessor-version":[{"id":3597,"href":"https:\/\/cbcpilgrim.ekarpaty.com\/pl\/wp-json\/wp\/v2\/pages\/2436\/revisions\/3597"}],"wp:featuredmedia":[{"embeddable":true,"href":"https:\/\/cbcpilgrim.ekarpaty.com\/pl\/wp-json\/wp\/v2\/media\/2169"}],"wp:attachment":[{"href":"https:\/\/cbcpilgrim.ekarpaty.com\/pl\/wp-json\/wp\/v2\/media?parent=2436"}],"curies":[{"name":"wp","href":"https:\/\/api.w.org\/{rel}","templated":true}]}}